{"id":225,"date":"2018-05-06T01:21:56","date_gmt":"2018-05-06T01:21:56","guid":{"rendered":"http:\/\/www.fundacioncasalud.com\/portal\/?page_id=225"},"modified":"2018-05-06T01:45:16","modified_gmt":"2018-05-06T01:45:16","slug":"politica-ambiental-y-sanitaria","status":"publish","type":"page","link":"http:\/\/www.fundacioncasalud.com\/portal\/politica-ambiental-y-sanitaria","title":{"rendered":"Pol\u00edtica ambiental y sanitaria"},"content":{"rendered":"\t\t<div data-elementor-type=\"wp-post\" data-elementor-id=\"225\" class=\"elementor elementor-225 elementor-bc-flex-widget\" data-elementor-settings=\"[]\">\n\t\t\t\t\t\t<div class=\"elementor-inner\">\n\t\t\t\t\t\t\t<div class=\"elementor-section-wrap\">\n\t\t\t\t\t\t\t<section class=\"elementor-section elementor-top-section elementor-element elementor-element-1029441 elementor-section-boxed elementor-section-height-default elementor-section-height-default\" data-id=\"1029441\" data-element_type=\"section\">\n\t\t\t\t\t\t<div class=\"elementor-container elementor-column-gap-default\">\n\t\t\t\t\t\t\t<div class=\"elementor-row\">\n\t\t\t\t\t<div class=\"elementor-column elementor-col-100 elementor-top-column elementor-element elementor-element-1601f30\" data-id=\"1601f30\" data-element_type=\"column\">\n\t\t\t<div class=\"elementor-column-wrap\">\n\t\t\t\t\t\t\t<div class=\"elementor-widget-wrap\">\n\t\t\t\t\t\t\t\t<\/div>\n\t\t\t\t\t<\/div>\n\t\t<\/div>\n\t\t\t\t\t\t\t\t<\/div>\n\t\t\t\t\t<\/div>\n\t\t<\/section>\n\t\t\t\t<section class=\"elementor-section elementor-top-section elementor-element elementor-element-7e7fa411 elementor-section-boxed elementor-section-height-default elementor-section-height-default\" data-id=\"7e7fa411\" data-element_type=\"section\">\n\t\t\t\t\t\t<div class=\"elementor-container elementor-column-gap-default\">\n\t\t\t\t\t\t\t<div class=\"elementor-row\">\n\t\t\t\t\t<div class=\"elementor-column elementor-col-100 elementor-top-column elementor-element elementor-element-2eb61397\" data-id=\"2eb61397\" data-element_type=\"column\">\n\t\t\t<div class=\"elementor-column-wrap elementor-element-populated\">\n\t\t\t\t\t\t\t<div class=\"elementor-widget-wrap\">\n\t\t\t\t\t\t<div class=\"elementor-element elementor-element-724533ad elementor-widget elementor-widget-image\" data-id=\"724533ad\" data-element_type=\"widget\" data-widget_type=\"image.default\">\n\t\t\t\t<div class=\"elementor-widget-container\">\n\t\t\t\t\t<div class=\"elementor-image\">\n\t\t\t\t\t\t\t\t\t\t<img width=\"206\" height=\"206\" src=\"http:\/\/www.fundacioncasalud.com\/portal\/wp-content\/uploads\/2018\/04\/logofin.png\" class=\"attachment-full size-full\" alt=\"\" loading=\"lazy\" srcset=\"http:\/\/www.fundacioncasalud.com\/portal\/wp-content\/uploads\/2018\/04\/logofin.png 206w, http:\/\/www.fundacioncasalud.com\/portal\/wp-content\/uploads\/2018\/04\/logofin-150x150.png 150w\" sizes=\"(max-width: 206px) 100vw, 206px\" \/>\t\t\t\t\t\t\t\t\t\t\t<\/div>\n\t\t\t\t<\/div>\n\t\t\t\t<\/div>\n\t\t\t\t<div class=\"elementor-element elementor-element-22858acf elementor-widget elementor-widget-heading\" data-id=\"22858acf\" data-element_type=\"widget\" data-widget_type=\"heading.default\">\n\t\t\t\t<div class=\"elementor-widget-container\">\n\t\t\t<h4 class=\"elementor-heading-title elementor-size-default\">Fundaci\u00f3n Casalud<\/h4>\t\t<\/div>\n\t\t\t\t<\/div>\n\t\t\t\t<div class=\"elementor-element elementor-element-73fc31b2 elementor-widget elementor-widget-spacer\" data-id=\"73fc31b2\" data-element_type=\"widget\" data-widget_type=\"spacer.default\">\n\t\t\t\t<div class=\"elementor-widget-container\">\n\t\t\t\t\t<div class=\"elementor-spacer\">\n\t\t\t<div class=\"elementor-spacer-inner\"><\/div>\n\t\t<\/div>\n\t\t\t\t<\/div>\n\t\t\t\t<\/div>\n\t\t\t\t<div class=\"elementor-element elementor-element-29b7a5b elementor-widget elementor-widget-heading\" data-id=\"29b7a5b\" data-element_type=\"widget\" data-widget_type=\"heading.default\">\n\t\t\t\t<div class=\"elementor-widget-container\">\n\t\t\t<h2 class=\"elementor-heading-title elementor-size-default\">POL\u00cdTICA AMBIENTAL Y SANITARIA<\/h2>\t\t<\/div>\n\t\t\t\t<\/div>\n\t\t\t\t<div class=\"elementor-element elementor-element-2fcbc40 elementor-view-default elementor-widget elementor-widget-icon\" data-id=\"2fcbc40\" data-element_type=\"widget\" data-widget_type=\"icon.default\">\n\t\t\t\t<div class=\"elementor-widget-container\">\n\t\t\t\t\t<div class=\"elementor-icon-wrapper\">\n\t\t\t<div class=\"elementor-icon\">\n\t\t\t\t\t\t\t<i class=\"fa fa-envira\" aria-hidden=\"true\"><\/i>\n\t\t\t\t\t\t<\/div>\n\t\t<\/div>\n\t\t\t\t<\/div>\n\t\t\t\t<\/div>\n\t\t\t\t<div class=\"elementor-element elementor-element-6e81678a elementor-widget elementor-widget-text-editor\" data-id=\"6e81678a\" data-element_type=\"widget\" data-widget_type=\"text-editor.default\">\n\t\t\t\t<div class=\"elementor-widget-container\">\n\t\t\t\t\t<div class=\"elementor-text-editor elementor-clearfix\"><p>En FUNDACION CASALUD se est\u00e1 comprometido\u00a0 con la seguridad de los usuarios, sus familias y dem\u00e1s clientes externos, mediante la implementaci\u00f3n de estrategias de identificaci\u00f3n temprana, notificaci\u00f3n, registro y gesti\u00f3n de los diferentes riesgos ambientales con relaci\u00f3n al manejo de residuos generados en la atenci\u00f3n, que puedan afectar la normal prestaci\u00f3n de servicios y en general el funcionamiento normal de la instituci\u00f3n.<\/p><\/div>\n\t\t\t\t<\/div>\n\t\t\t\t<\/div>\n\t\t\t\t<div class=\"elementor-element elementor-element-380fd6ad elementor-widget elementor-widget-text-editor\" data-id=\"380fd6ad\" data-element_type=\"widget\" data-widget_type=\"text-editor.default\">\n\t\t\t\t<div class=\"elementor-widget-container\">\n\t\t\t\t\t<div class=\"elementor-text-editor elementor-clearfix\"><p><a href=\"http:\/\/www.fundacioncasalud.com\/portal\/liderazgo-y-cultura\">\u00abConoce nuestro enfoque de liderazgo y cultura organizacional\u00bb<\/a><\/p><\/div>\n\t\t\t\t<\/div>\n\t\t\t\t<\/div>\n\t\t\t\t\t\t<\/div>\n\t\t\t\t\t<\/div>\n\t\t<\/div>\n\t\t\t\t\t\t\t\t<\/div>\n\t\t\t\t\t<\/div>\n\t\t<\/section>\n\t\t\t\t<section class=\"elementor-section elementor-top-section elementor-element elementor-element-6a24d8e3 elementor-section-boxed elementor-section-height-default elementor-section-height-default\" data-id=\"6a24d8e3\" data-element_type=\"section\">\n\t\t\t\t\t\t<div class=\"elementor-container elementor-column-gap-default\">\n\t\t\t\t\t\t\t<div class=\"elementor-row\">\n\t\t\t\t\t<div class=\"elementor-column elementor-col-100 elementor-top-column elementor-element elementor-element-1e6f5b97\" data-id=\"1e6f5b97\" data-element_type=\"column\">\n\t\t\t<div class=\"elementor-column-wrap elementor-element-populated\">\n\t\t\t\t\t\t\t<div class=\"elementor-widget-wrap\">\n\t\t\t\t\t\t<div class=\"elementor-element elementor-element-6d3528f0 elementor-widget-divider--view-line elementor-widget elementor-widget-divider\" data-id=\"6d3528f0\" data-element_type=\"widget\" data-widget_type=\"divider.default\">\n\t\t\t\t<div class=\"elementor-widget-container\">\n\t\t\t\t\t<div class=\"elementor-divider\">\n\t\t\t<span class=\"elementor-divider-separator\">\n\t\t\t\t\t\t<\/span>\n\t\t<\/div>\n\t\t\t\t<\/div>\n\t\t\t\t<\/div>\n\t\t\t\t<div class=\"elementor-element elementor-element-4df2f68c elementor-widget elementor-widget-heading\" data-id=\"4df2f68c\" data-element_type=\"widget\" data-widget_type=\"heading.default\">\n\t\t\t\t<div class=\"elementor-widget-container\">\n\t\t\t<h4 class=\"elementor-heading-title elementor-size-default\">S\u00edguenos en Facebook<\/h4>\t\t<\/div>\n\t\t\t\t<\/div>\n\t\t\t\t<div class=\"elementor-element elementor-element-6e2d9ca2 elementor-shape-circle elementor-grid-0 e-grid-align-center elementor-widget elementor-widget-social-icons\" data-id=\"6e2d9ca2\" data-element_type=\"widget\" data-widget_type=\"social-icons.default\">\n\t\t\t\t<div class=\"elementor-widget-container\">\n\t\t\t\t\t<div class=\"elementor-social-icons-wrapper elementor-grid\">\n\t\t\t\t\t\t\t<div class=\"elementor-grid-item\">\n\t\t\t\t\t<a class=\"elementor-icon elementor-social-icon elementor-social-icon-facebook elementor-repeater-item-3bftaoh\" href=\"https:\/\/www.facebook.com\/fundacion.casalud\" target=\"_blank\">\n\t\t\t\t\t\t<span class=\"elementor-screen-only\">Facebook<\/span>\n\t\t\t\t\t\t\t\t\t\t\t\t\t<i class=\"fa fa-facebook\"><\/i>\n\t\t\t\t\t\t\t\t\t\t\t<\/a>\n\t\t\t\t<\/div>\n\t\t\t\t\t<\/div>\n\t\t\t\t<\/div>\n\t\t\t\t<\/div>\n\t\t\t\t\t\t<\/div>\n\t\t\t\t\t<\/div>\n\t\t<\/div>\n\t\t\t\t\t\t\t\t<\/div>\n\t\t\t\t\t<\/div>\n\t\t<\/section>\n\t\t\t\t\t\t<\/div>\n\t\t\t\t\t\t<\/div>\n\t\t\t\t\t<\/div>\n\t\t","protected":false},"excerpt":{"rendered":"<p class=\"qua-blog-post-description\">Smart Slider with ID: 1 Fundaci\u00f3n Casalud POL\u00cdTICA AMBIENTAL Y SANITARIA En FUNDACION CASALUD se est\u00e1 comprometido\u00a0 con la seguridad de los usuarios, sus familias y dem\u00e1s clientes externos, mediante la implementaci\u00f3n de estrategias de identificaci\u00f3n temprana, notificaci\u00f3n, registro y gesti\u00f3n de los diferentes riesgos ambientales con relaci\u00f3n al manejo de residuos generados en la [&hellip;]<\/p>\n","protected":false},"author":1,"featured_media":0,"parent":0,"menu_order":0,"comment_status":"closed","ping_status":"closed","template":"elementor_header_footer","meta":[],"_links":{"self":[{"href":"http:\/\/www.fundacioncasalud.com\/portal\/wp-json\/wp\/v2\/pages\/225"}],"collection":[{"href":"http:\/\/www.fundacioncasalud.com\/portal\/wp-json\/wp\/v2\/pages"}],"about":[{"href":"http:\/\/www.fundacioncasalud.com\/portal\/wp-json\/wp\/v2\/types\/page"}],"author":[{"embeddable":true,"href":"http:\/\/www.fundacioncasalud.com\/portal\/wp-json\/wp\/v2\/users\/1"}],"replies":[{"embeddable":true,"href":"http:\/\/www.fundacioncasalud.com\/portal\/wp-json\/wp\/v2\/comments?post=225"}],"version-history":[{"count":4,"href":"http:\/\/www.fundacioncasalud.com\/portal\/wp-json\/wp\/v2\/pages\/225\/revisions"}],"predecessor-version":[{"id":238,"href":"http:\/\/www.fundacioncasalud.com\/portal\/wp-json\/wp\/v2\/pages\/225\/revisions\/238"}],"wp:attachment":[{"href":"http:\/\/www.fundacioncasalud.com\/portal\/wp-json\/wp\/v2\/media?parent=225"}],"curies":[{"name":"wp","href":"https:\/\/api.w.org\/{rel}","templated":true}]}}