{"id":232,"date":"2018-05-06T01:37:35","date_gmt":"2018-05-06T01:37:35","guid":{"rendered":"http:\/\/www.fundacioncasalud.com\/portal\/?page_id=232"},"modified":"2018-05-06T01:50:37","modified_gmt":"2018-05-06T01:50:37","slug":"confidencialidad-y-privacidad","status":"publish","type":"page","link":"http:\/\/www.fundacioncasalud.com\/portal\/confidencialidad-y-privacidad","title":{"rendered":"Confidencialidad y privacidad"},"content":{"rendered":"\t\t<div data-elementor-type=\"wp-post\" data-elementor-id=\"232\" class=\"elementor elementor-232 elementor-bc-flex-widget\" data-elementor-settings=\"[]\">\n\t\t\t\t\t\t<div class=\"elementor-inner\">\n\t\t\t\t\t\t\t<div class=\"elementor-section-wrap\">\n\t\t\t\t\t\t\t<section class=\"elementor-section elementor-top-section elementor-element elementor-element-a024e0e elementor-section-boxed elementor-section-height-default elementor-section-height-default\" data-id=\"a024e0e\" data-element_type=\"section\">\n\t\t\t\t\t\t<div class=\"elementor-container elementor-column-gap-default\">\n\t\t\t\t\t\t\t<div class=\"elementor-row\">\n\t\t\t\t\t<div class=\"elementor-column elementor-col-100 elementor-top-column elementor-element elementor-element-c6693a5\" data-id=\"c6693a5\" data-element_type=\"column\">\n\t\t\t<div class=\"elementor-column-wrap\">\n\t\t\t\t\t\t\t<div class=\"elementor-widget-wrap\">\n\t\t\t\t\t\t\t\t<\/div>\n\t\t\t\t\t<\/div>\n\t\t<\/div>\n\t\t\t\t\t\t\t\t<\/div>\n\t\t\t\t\t<\/div>\n\t\t<\/section>\n\t\t\t\t<section class=\"elementor-section elementor-top-section elementor-element elementor-element-39910cca elementor-section-boxed elementor-section-height-default elementor-section-height-default\" data-id=\"39910cca\" data-element_type=\"section\">\n\t\t\t\t\t\t<div class=\"elementor-container elementor-column-gap-default\">\n\t\t\t\t\t\t\t<div class=\"elementor-row\">\n\t\t\t\t\t<div class=\"elementor-column elementor-col-100 elementor-top-column elementor-element elementor-element-66bce26a\" data-id=\"66bce26a\" data-element_type=\"column\">\n\t\t\t<div class=\"elementor-column-wrap elementor-element-populated\">\n\t\t\t\t\t\t\t<div class=\"elementor-widget-wrap\">\n\t\t\t\t\t\t<div class=\"elementor-element elementor-element-5c1efed8 elementor-widget elementor-widget-image\" data-id=\"5c1efed8\" data-element_type=\"widget\" data-widget_type=\"image.default\">\n\t\t\t\t<div class=\"elementor-widget-container\">\n\t\t\t\t\t<div class=\"elementor-image\">\n\t\t\t\t\t\t\t\t\t\t<img width=\"206\" height=\"206\" src=\"http:\/\/www.fundacioncasalud.com\/portal\/wp-content\/uploads\/2018\/04\/logofin.png\" class=\"attachment-full size-full\" alt=\"\" loading=\"lazy\" srcset=\"http:\/\/www.fundacioncasalud.com\/portal\/wp-content\/uploads\/2018\/04\/logofin.png 206w, http:\/\/www.fundacioncasalud.com\/portal\/wp-content\/uploads\/2018\/04\/logofin-150x150.png 150w\" sizes=\"(max-width: 206px) 100vw, 206px\" \/>\t\t\t\t\t\t\t\t\t\t\t<\/div>\n\t\t\t\t<\/div>\n\t\t\t\t<\/div>\n\t\t\t\t<div class=\"elementor-element elementor-element-7bc22e72 elementor-widget elementor-widget-heading\" data-id=\"7bc22e72\" data-element_type=\"widget\" data-widget_type=\"heading.default\">\n\t\t\t\t<div class=\"elementor-widget-container\">\n\t\t\t<h4 class=\"elementor-heading-title elementor-size-default\">Fundaci\u00f3n Casalud<\/h4>\t\t<\/div>\n\t\t\t\t<\/div>\n\t\t\t\t<div class=\"elementor-element elementor-element-30631872 elementor-widget elementor-widget-spacer\" data-id=\"30631872\" data-element_type=\"widget\" data-widget_type=\"spacer.default\">\n\t\t\t\t<div class=\"elementor-widget-container\">\n\t\t\t\t\t<div class=\"elementor-spacer\">\n\t\t\t<div class=\"elementor-spacer-inner\"><\/div>\n\t\t<\/div>\n\t\t\t\t<\/div>\n\t\t\t\t<\/div>\n\t\t\t\t<div class=\"elementor-element elementor-element-dbc309c elementor-widget elementor-widget-heading\" data-id=\"dbc309c\" data-element_type=\"widget\" data-widget_type=\"heading.default\">\n\t\t\t\t<div class=\"elementor-widget-container\">\n\t\t\t<h2 class=\"elementor-heading-title elementor-size-default\">POL\u00cdTICA DE CONFIDENCIALIDAD Y PRIVACIDAD<\/h2>\t\t<\/div>\n\t\t\t\t<\/div>\n\t\t\t\t<div class=\"elementor-element elementor-element-c06d7c3 elementor-view-default elementor-widget elementor-widget-icon\" data-id=\"c06d7c3\" data-element_type=\"widget\" data-widget_type=\"icon.default\">\n\t\t\t\t<div class=\"elementor-widget-container\">\n\t\t\t\t\t<div class=\"elementor-icon-wrapper\">\n\t\t\t<div class=\"elementor-icon\">\n\t\t\t\t\t\t\t<i class=\"fa fa-lock\" aria-hidden=\"true\"><\/i>\n\t\t\t\t\t\t<\/div>\n\t\t<\/div>\n\t\t\t\t<\/div>\n\t\t\t\t<\/div>\n\t\t\t\t<div class=\"elementor-element elementor-element-4e6a61a4 elementor-widget elementor-widget-text-editor\" data-id=\"4e6a61a4\" data-element_type=\"widget\" data-widget_type=\"text-editor.default\">\n\t\t\t\t<div class=\"elementor-widget-container\">\n\t\t\t\t\t<div class=\"elementor-text-editor elementor-clearfix\"><p>Es pol\u00edtica institucional, garantizar al usuario \u00e9tica profesional y respeto por la informaci\u00f3n correspondiente a la atenci\u00f3n prestada y su intimidad, estableciendo los procesos que respondan a la normatividad vigente y a sus derechos; teniendo herramientas para la protecci\u00f3n y custodia de los registros cl\u00ednicos e infraestructura que facilite su comodidad.<\/p><\/div>\n\t\t\t\t<\/div>\n\t\t\t\t<\/div>\n\t\t\t\t<div class=\"elementor-element elementor-element-2ffab30d elementor-widget elementor-widget-text-editor\" data-id=\"2ffab30d\" data-element_type=\"widget\" data-widget_type=\"text-editor.default\">\n\t\t\t\t<div class=\"elementor-widget-container\">\n\t\t\t\t\t<div class=\"elementor-text-editor elementor-clearfix\"><p><a href=\"http:\/\/www.fundacioncasalud.com\/portal\/contactenos\">\u00abContacta con Fundaci\u00f3n Casalud &#8211; Centro de atenci\u00f3n a la drogadicci\u00f3n ammbulatoria\u00bb<\/a><\/p><\/div>\n\t\t\t\t<\/div>\n\t\t\t\t<\/div>\n\t\t\t\t\t\t<\/div>\n\t\t\t\t\t<\/div>\n\t\t<\/div>\n\t\t\t\t\t\t\t\t<\/div>\n\t\t\t\t\t<\/div>\n\t\t<\/section>\n\t\t\t\t<section class=\"elementor-section elementor-top-section elementor-element elementor-element-3ecdfb56 elementor-section-boxed elementor-section-height-default elementor-section-height-default\" data-id=\"3ecdfb56\" data-element_type=\"section\">\n\t\t\t\t\t\t<div class=\"elementor-container elementor-column-gap-default\">\n\t\t\t\t\t\t\t<div class=\"elementor-row\">\n\t\t\t\t\t<div class=\"elementor-column elementor-col-100 elementor-top-column elementor-element elementor-element-2b3c9787\" data-id=\"2b3c9787\" data-element_type=\"column\">\n\t\t\t<div class=\"elementor-column-wrap elementor-element-populated\">\n\t\t\t\t\t\t\t<div class=\"elementor-widget-wrap\">\n\t\t\t\t\t\t<div class=\"elementor-element elementor-element-73d76615 elementor-widget-divider--view-line elementor-widget elementor-widget-divider\" data-id=\"73d76615\" data-element_type=\"widget\" data-widget_type=\"divider.default\">\n\t\t\t\t<div class=\"elementor-widget-container\">\n\t\t\t\t\t<div class=\"elementor-divider\">\n\t\t\t<span class=\"elementor-divider-separator\">\n\t\t\t\t\t\t<\/span>\n\t\t<\/div>\n\t\t\t\t<\/div>\n\t\t\t\t<\/div>\n\t\t\t\t<div class=\"elementor-element elementor-element-35da936f elementor-widget elementor-widget-heading\" data-id=\"35da936f\" data-element_type=\"widget\" data-widget_type=\"heading.default\">\n\t\t\t\t<div class=\"elementor-widget-container\">\n\t\t\t<h4 class=\"elementor-heading-title elementor-size-default\">S\u00edguenos en Facebook<\/h4>\t\t<\/div>\n\t\t\t\t<\/div>\n\t\t\t\t<div class=\"elementor-element elementor-element-5ffd9cd6 elementor-shape-circle elementor-grid-0 e-grid-align-center elementor-widget elementor-widget-social-icons\" data-id=\"5ffd9cd6\" data-element_type=\"widget\" data-widget_type=\"social-icons.default\">\n\t\t\t\t<div class=\"elementor-widget-container\">\n\t\t\t\t\t<div class=\"elementor-social-icons-wrapper elementor-grid\">\n\t\t\t\t\t\t\t<div class=\"elementor-grid-item\">\n\t\t\t\t\t<a class=\"elementor-icon elementor-social-icon elementor-social-icon-facebook elementor-repeater-item-3bftaoh\" href=\"https:\/\/www.facebook.com\/fundacion.casalud\" target=\"_blank\">\n\t\t\t\t\t\t<span class=\"elementor-screen-only\">Facebook<\/span>\n\t\t\t\t\t\t\t\t\t\t\t\t\t<i class=\"fa fa-facebook\"><\/i>\n\t\t\t\t\t\t\t\t\t\t\t<\/a>\n\t\t\t\t<\/div>\n\t\t\t\t\t<\/div>\n\t\t\t\t<\/div>\n\t\t\t\t<\/div>\n\t\t\t\t\t\t<\/div>\n\t\t\t\t\t<\/div>\n\t\t<\/div>\n\t\t\t\t\t\t\t\t<\/div>\n\t\t\t\t\t<\/div>\n\t\t<\/section>\n\t\t\t\t\t\t<\/div>\n\t\t\t\t\t\t<\/div>\n\t\t\t\t\t<\/div>\n\t\t","protected":false},"excerpt":{"rendered":"<p class=\"qua-blog-post-description\">Smart Slider with ID: 1 Fundaci\u00f3n Casalud POL\u00cdTICA DE CONFIDENCIALIDAD Y PRIVACIDAD Es pol\u00edtica institucional, garantizar al usuario \u00e9tica profesional y respeto por la informaci\u00f3n correspondiente a la atenci\u00f3n prestada y su intimidad, estableciendo los procesos que respondan a la normatividad vigente y a sus derechos; teniendo herramientas para la protecci\u00f3n y custodia de los [&hellip;]<\/p>\n","protected":false},"author":1,"featured_media":0,"parent":0,"menu_order":0,"comment_status":"closed","ping_status":"closed","template":"elementor_header_footer","meta":[],"_links":{"self":[{"href":"http:\/\/www.fundacioncasalud.com\/portal\/wp-json\/wp\/v2\/pages\/232"}],"collection":[{"href":"http:\/\/www.fundacioncasalud.com\/portal\/wp-json\/wp\/v2\/pages"}],"about":[{"href":"http:\/\/www.fundacioncasalud.com\/portal\/wp-json\/wp\/v2\/types\/page"}],"author":[{"embeddable":true,"href":"http:\/\/www.fundacioncasalud.com\/portal\/wp-json\/wp\/v2\/users\/1"}],"replies":[{"embeddable":true,"href":"http:\/\/www.fundacioncasalud.com\/portal\/wp-json\/wp\/v2\/comments?post=232"}],"version-history":[{"count":5,"href":"http:\/\/www.fundacioncasalud.com\/portal\/wp-json\/wp\/v2\/pages\/232\/revisions"}],"predecessor-version":[{"id":270,"href":"http:\/\/www.fundacioncasalud.com\/portal\/wp-json\/wp\/v2\/pages\/232\/revisions\/270"}],"wp:attachment":[{"href":"http:\/\/www.fundacioncasalud.com\/portal\/wp-json\/wp\/v2\/media?parent=232"}],"curies":[{"name":"wp","href":"https:\/\/api.w.org\/{rel}","templated":true}]}}