{"id":380,"date":"2022-02-17T15:02:36","date_gmt":"2022-02-17T15:02:36","guid":{"rendered":"http:\/\/www.fundacioncasalud.com\/portal\/?page_id=380"},"modified":"2022-02-17T15:36:22","modified_gmt":"2022-02-17T15:36:22","slug":"capacitaciones-de-planes-de-beneficios-en-salud","status":"publish","type":"page","link":"http:\/\/www.fundacioncasalud.com\/portal\/capacitaciones-de-planes-de-beneficios-en-salud","title":{"rendered":"Capacitaciones &#8211; planes de beneficios en salud"},"content":{"rendered":"<div>[smartslider3 slider=1]<\/div>\n\n\n<p><span style=\"color:#00b7a8\" class=\"has-inline-color\"><strong>\u00bfC\u00f3mo lavarse las manos?<\/strong><\/span><\/p>\n\n\n\n<div style=\"height:25px\" aria-hidden=\"true\" class=\"wp-block-spacer\"><\/div>\n\n\n<a href=\"http:\/\/www.fundacioncasalud.com\/portal\/wp-content\/uploads\/2022\/02\/Como-lavarse-las-manos.pdf\" class=\"pdfemb-viewer\" style=\"\" data-width=\"max\" data-height=\"max\"  data-toolbar=\"bottom\" data-toolbar-fixed=\"on\">Como-lavarse-las-manos<br\/><\/a>\n<p class=\"wp-block-pdfemb-pdf-embedder-viewer\"><\/p>\n\n\n\n<div style=\"height:25px\" aria-hidden=\"true\" class=\"wp-block-spacer\"><\/div>\n\n\n\n<p><span style=\"color:#00b7a8\" class=\"has-inline-color\"><strong>Planes de beneficio<\/strong><\/span><\/p>\n\n\n\n<div style=\"height:25px\" aria-hidden=\"true\" class=\"wp-block-spacer\"><\/div>\n\n\n<a href=\"http:\/\/www.fundacioncasalud.com\/portal\/wp-content\/uploads\/2022\/02\/Planes-de-beneficio.pdf\" class=\"pdfemb-viewer\" style=\"\" data-width=\"max\" data-height=\"max\"  data-toolbar=\"bottom\" data-toolbar-fixed=\"on\">Planes-de-beneficio<br\/><\/a>\n<p class=\"wp-block-pdfemb-pdf-embedder-viewer\"><\/p>\n\n\n\n<div style=\"height:25px\" aria-hidden=\"true\" class=\"wp-block-spacer\"><\/div>\n\n\n\n<p><span style=\"color:#00b7a8\" class=\"has-inline-color\"><strong>Pol\u00edtica de prevenci\u00f3n de consumo de Alcohol, tabaco y drogas<\/strong><\/span><\/p>\n\n\n\n<div style=\"height:25px\" aria-hidden=\"true\" class=\"wp-block-spacer\"><\/div>\n\n\n<a href=\"http:\/\/www.fundacioncasalud.com\/portal\/wp-content\/uploads\/2022\/02\/Politica-de-prevencion-Alcohol-tabaco-y-drogas.pdf\" class=\"pdfemb-viewer\" style=\"\" data-width=\"max\" data-height=\"max\"  data-toolbar=\"bottom\" data-toolbar-fixed=\"on\">Politica-de-prevencion-Alcohol-tabaco-y-drogas<br\/><\/a>\n<p class=\"wp-block-pdfemb-pdf-embedder-viewer\"><\/p>\n","protected":false},"excerpt":{"rendered":"<p class=\"qua-blog-post-description\">[smartslider3 slider=1] \u00bfC\u00f3mo lavarse las manos? Planes de beneficio Pol\u00edtica de prevenci\u00f3n de consumo de Alcohol, tabaco y drogas<\/p>\n","protected":false},"author":1,"featured_media":0,"parent":0,"menu_order":0,"comment_status":"closed","ping_status":"closed","template":"full-width.php","meta":[],"_links":{"self":[{"href":"http:\/\/www.fundacioncasalud.com\/portal\/wp-json\/wp\/v2\/pages\/380"}],"collection":[{"href":"http:\/\/www.fundacioncasalud.com\/portal\/wp-json\/wp\/v2\/pages"}],"about":[{"href":"http:\/\/www.fundacioncasalud.com\/portal\/wp-json\/wp\/v2\/types\/page"}],"author":[{"embeddable":true,"href":"http:\/\/www.fundacioncasalud.com\/portal\/wp-json\/wp\/v2\/users\/1"}],"replies":[{"embeddable":true,"href":"http:\/\/www.fundacioncasalud.com\/portal\/wp-json\/wp\/v2\/comments?post=380"}],"version-history":[{"count":18,"href":"http:\/\/www.fundacioncasalud.com\/portal\/wp-json\/wp\/v2\/pages\/380\/revisions"}],"predecessor-version":[{"id":440,"href":"http:\/\/www.fundacioncasalud.com\/portal\/wp-json\/wp\/v2\/pages\/380\/revisions\/440"}],"wp:attachment":[{"href":"http:\/\/www.fundacioncasalud.com\/portal\/wp-json\/wp\/v2\/media?parent=380"}],"curies":[{"name":"wp","href":"https:\/\/api.w.org\/{rel}","templated":true}]}}